{"id":26,"date":"2026-03-05T01:06:53","date_gmt":"2026-03-05T01:06:53","guid":{"rendered":"https:\/\/airboots.net\/index.php\/home\/"},"modified":"2026-03-06T01:29:17","modified_gmt":"2026-03-06T01:29:17","slug":"home","status":"publish","type":"page","link":"https:\/\/airboots.net\/","title":{"rendered":"Home"},"content":{"rendered":"\t\t<div data-elementor-type=\"wp-page\" data-elementor-id=\"26\" class=\"elementor elementor-26\">\n\t\t\t\t<div class=\"elementor-element elementor-element-c1c5450 e-con-full e-flex e-con e-parent\" data-id=\"c1c5450\" data-element_type=\"container\" data-e-type=\"container\" data-settings=\"{&quot;background_background&quot;:&quot;slideshow&quot;,&quot;background_slideshow_gallery&quot;:[{&quot;id&quot;:40,&quot;url&quot;:&quot;https:\\\/\\\/airboots.net\\\/wp-content\\\/uploads\\\/2026\\\/03\\\/5e7e9c24cef040ae19e110-scaled.jpg&quot;}],&quot;background_slideshow_loop&quot;:&quot;yes&quot;,&quot;background_slideshow_slide_duration&quot;:5000,&quot;background_slideshow_slide_transition&quot;:&quot;fade&quot;,&quot;background_slideshow_transition_duration&quot;:500}\">\n\t\t\t\t<div class=\"elementor-element elementor-element-d503290 elementor-widget elementor-widget-heading\" data-id=\"d503290\" data-element_type=\"widget\" data-e-type=\"widget\" data-widget_type=\"heading.default\">\n\t\t\t\t\t<h1 class=\"elementor-heading-title elementor-size-default\">ROBOT N\u00d4NG NGHI\u1ec6P<\/h1>\t\t\t\t<\/div>\n\t\t\t\t<div class=\"elementor-element elementor-element-8b2bbba elementor-widget-mobile__width-inherit elementor-widget elementor-widget-heading\" data-id=\"8b2bbba\" data-element_type=\"widget\" data-e-type=\"widget\" data-widget_type=\"heading.default\">\n\t\t\t\t\t<h2 class=\"elementor-heading-title elementor-size-default\">Ti\u1ebft ki\u1ec7m nh\u00e2n c\u00f4ng \u2013 Hi\u1ec7u su\u1ea5t v\u01b0\u1ee3t tr\u1ed9i\n<\/h2>\t\t\t\t<\/div>\n\t\t\t\t<div class=\"elementor-element elementor-element-01413f0 elementor-align-center elementor-widget elementor-widget-button\" data-id=\"01413f0\" data-element_type=\"widget\" data-e-type=\"widget\" data-widget_type=\"button.default\">\n\t\t\t\t\t\t\t\t\t\t<a class=\"elementor-button elementor-button-link elementor-size-sm\" href=\"https:\/\/shoesagtech.com\/s10s\/\" target=\"_blank\">\n\t\t\t\t\t\t<span class=\"elementor-button-content-wrapper\">\n\t\t\t\t\t\t\t\t\t<span class=\"elementor-button-text\">Xem chi ti\u1ebft<\/span>\n\t\t\t\t\t<\/span>\n\t\t\t\t\t<\/a>\n\t\t\t\t\t\t\t\t<\/div>\n\t\t\t\t<\/div>\n\t\t<div class=\"elementor-element elementor-element-70ff325 e-grid e-con-boxed e-con e-parent\" data-id=\"70ff325\" data-element_type=\"container\" data-e-type=\"container\">\n\t\t\t\t\t<div class=\"e-con-inner\">\n\t\t\t\t<div class=\"elementor-element elementor-element-8358e17 elementor-widget elementor-widget-text-editor\" data-id=\"8358e17\" data-element_type=\"widget\" data-e-type=\"widget\" data-widget_type=\"text-editor.default\">\n\t\t\t\t\t\t\t\t\t<p data-start=\"1701\" data-end=\"1732\">\u26a1 <strong data-start=\"1703\" data-end=\"1732\">\u0110\u1ed9ng c\u01a1 \u0111\u00f4i c\u00f4ng su\u1ea5t l\u1edbn<\/strong><\/p>\n<div class=\"contain-inline-size rounded-2xl corner-superellipse\/1.1 relative bg-token-sidebar-surface-primary\">\n<div class=\"sticky top-[calc(var(--sticky-padding-top)+9*var(--spacing))]\">\n<div class=\"absolute end-0 bottom-0 flex h-9 items-center pe-2\">\n<div class=\"bg-token-bg-elevated-secondary text-token-text-secondary flex items-center gap-4 rounded-sm px-2 font-sans text-xs\">\u00a0<\/div>\n<\/div>\n<\/div>\n<div class=\"overflow-y-auto p-4\" dir=\"ltr\"><code class=\"whitespace-pre!\"><span class=\"hljs-number\">2<\/span> \u0111\u1ed9ng <span class=\"hljs-built_in\">c<\/span>\u01a1 <span class=\"hljs-built_in\">c<\/span>\u00e1nh qu\u1ea1t ph\u1ea3n l\u1ef1<span class=\"hljs-built_in\">c<\/span>\nt\u1ea1o l\u1ef1<span class=\"hljs-built_in\">c<\/span> \u0111\u1ea9y m\u1ea1nh<\/code><\/div>\n<\/div>\t\t\t\t\t\t\t\t<\/div>\n\t\t\t\t<div class=\"elementor-element elementor-element-79f8cd8 elementor-widget elementor-widget-text-editor\" data-id=\"79f8cd8\" data-element_type=\"widget\" data-e-type=\"widget\" data-widget_type=\"text-editor.default\">\n\t\t\t\t\t\t\t\t\t<p data-start=\"1789\" data-end=\"1815\">\ud83c\udf3e <strong data-start=\"1792\" data-end=\"1815\">Ph\u00f9 h\u1ee3p n\u00f4ng nghi\u1ec7p<\/strong><\/p>\n<div class=\"contain-inline-size rounded-2xl corner-superellipse\/1.1 relative bg-token-sidebar-surface-primary\">\n<div class=\"sticky top-[calc(var(--sticky-padding-top)+9*var(--spacing))]\">\n<div class=\"absolute end-0 bottom-0 flex h-9 items-center pe-2\">\n<div class=\"bg-token-bg-elevated-secondary text-token-text-secondary flex items-center gap-4 rounded-sm px-2 font-sans text-xs\">\u00a0<\/div>\n<\/div>\n<\/div>\n<div class=\"overflow-y-auto p-4\" dir=\"ltr\"><code class=\"whitespace-pre!\">ho\u1ea1t \u0111\u1ed9ng <span class=\"hljs-selector-tag\">tr<\/span>\u00ean ao t\u00f4m\nru\u1ed9ng l\u00fa<span class=\"hljs-selector-tag\">a<\/span>\nh\u1ed3 nu\u00f4<span class=\"hljs-selector-tag\">i<\/span><\/code><\/div>\n<\/div>\t\t\t\t\t\t\t\t<\/div>\n\t\t\t\t<div class=\"elementor-element elementor-element-0cd9979 elementor-widget elementor-widget-text-editor\" data-id=\"0cd9979\" data-element_type=\"widget\" data-e-type=\"widget\" data-widget_type=\"text-editor.default\">\n\t\t\t\t\t\t\t\t\t<p data-start=\"1866\" data-end=\"1891\">\ud83d\udef0 <strong data-start=\"1869\" data-end=\"1891\">\u0110i\u1ec1u khi\u1ec3n t\u1ef1 \u0111\u1ed9ng<\/strong><\/p><div class=\"contain-inline-size rounded-2xl corner-superellipse\/1.1 relative bg-token-sidebar-surface-primary\"><div class=\"sticky top-[calc(var(--sticky-padding-top)+9*var(--spacing))]\"><div class=\"absolute end-0 bottom-0 flex h-9 items-center pe-2\"><div class=\"bg-token-bg-elevated-secondary text-token-text-secondary flex items-center gap-4 rounded-sm px-2 font-sans text-xs\">\u00a0<\/div><\/div><\/div><div class=\"overflow-y-auto p-4\" dir=\"ltr\"><code class=\"whitespace-pre!\"><span class=\"hljs-attribute\">Airboots<\/span><\/code><\/div><div class=\"overflow-y-auto p-4\" dir=\"ltr\"><code class=\"whitespace-pre!\">ShoesGO<\/code><\/div><\/div>\t\t\t\t\t\t\t\t<\/div>\n\t\t\t\t\t<\/div>\n\t\t\t\t<\/div>\n\t\t<div class=\"elementor-element elementor-element-18b9170 e-flex e-con-boxed e-con e-parent\" data-id=\"18b9170\" data-element_type=\"container\" data-e-type=\"container\">\n\t\t\t\t\t<div class=\"e-con-inner\">\n\t\t\t\t<div class=\"elementor-element elementor-element-7372314 elementor-widget elementor-widget-image-carousel\" data-id=\"7372314\" data-element_type=\"widget\" data-e-type=\"widget\" data-settings=\"{&quot;navigation&quot;:&quot;none&quot;,&quot;image_spacing_custom&quot;:{&quot;unit&quot;:&quot;px&quot;,&quot;size&quot;:0,&quot;sizes&quot;:[]},&quot;autoplay&quot;:&quot;yes&quot;,&quot;pause_on_hover&quot;:&quot;yes&quot;,&quot;pause_on_interaction&quot;:&quot;yes&quot;,&quot;autoplay_speed&quot;:5000,&quot;infinite&quot;:&quot;yes&quot;,&quot;speed&quot;:500,&quot;image_spacing_custom_tablet&quot;:{&quot;unit&quot;:&quot;px&quot;,&quot;size&quot;:&quot;&quot;,&quot;sizes&quot;:[]},&quot;image_spacing_custom_mobile&quot;:{&quot;unit&quot;:&quot;px&quot;,&quot;size&quot;:&quot;&quot;,&quot;sizes&quot;:[]}}\" data-widget_type=\"image-carousel.default\">\n\t\t\t\t\t\t\t<div class=\"elementor-image-carousel-wrapper swiper\" role=\"region\" aria-roledescription=\"carousel\" aria-label=\"Image Carousel\" dir=\"ltr\">\n\t\t\t<div class=\"elementor-image-carousel swiper-wrapper\" aria-live=\"off\">\n\t\t\t\t\t\t\t\t<div class=\"swiper-slide\" role=\"group\" aria-roledescription=\"slide\" aria-label=\"1 of 31\"><figure class=\"swiper-slide-inner\"><img decoding=\"async\" class=\"swiper-slide-image\" src=\"https:\/\/airboots.net\/wp-content\/uploads\/2026\/03\/5e7e9c24cef040ae19e110-1-300x225.jpg\" alt=\"5e7e9c24cef040ae19e110\" \/><\/figure><\/div><div class=\"swiper-slide\" role=\"group\" aria-roledescription=\"slide\" aria-label=\"2 of 31\"><figure class=\"swiper-slide-inner\"><img decoding=\"async\" class=\"swiper-slide-image\" src=\"https:\/\/airboots.net\/wp-content\/uploads\/2026\/03\/47ff250477d0f98ea0c125-300x225.jpg\" alt=\"47ff250477d0f98ea0c125\" \/><\/figure><\/div><div class=\"swiper-slide\" role=\"group\" aria-roledescription=\"slide\" aria-label=\"3 of 31\"><figure class=\"swiper-slide-inner\"><img decoding=\"async\" class=\"swiper-slide-image\" src=\"https:\/\/airboots.net\/wp-content\/uploads\/2026\/03\/3980a9d4fb00755e2c1112-300x225.jpg\" alt=\"3980a9d4fb00755e2c1112\" \/><\/figure><\/div><div class=\"swiper-slide\" role=\"group\" aria-roledescription=\"slide\" aria-label=\"4 of 31\"><figure class=\"swiper-slide-inner\"><img decoding=\"async\" class=\"swiper-slide-image\" src=\"https:\/\/airboots.net\/wp-content\/uploads\/2026\/03\/3388890227598789033-300x225.jpg\" alt=\"3388890227598789033\" \/><\/figure><\/div><div class=\"swiper-slide\" role=\"group\" aria-roledescription=\"slide\" aria-label=\"5 of 31\"><figure class=\"swiper-slide-inner\"><img decoding=\"async\" class=\"swiper-slide-image\" src=\"https:\/\/airboots.net\/wp-content\/uploads\/2026\/03\/11229334171794983837-300x225.jpg\" alt=\"11229334171794983837\" \/><\/figure><\/div><div class=\"swiper-slide\" role=\"group\" aria-roledescription=\"slide\" aria-label=\"6 of 31\"><figure class=\"swiper-slide-inner\"><img decoding=\"async\" class=\"swiper-slide-image\" src=\"https:\/\/airboots.net\/wp-content\/uploads\/2026\/03\/14628428130015222264-300x225.jpg\" alt=\"14628428130015222264\" \/><\/figure><\/div><div class=\"swiper-slide\" role=\"group\" aria-roledescription=\"slide\" aria-label=\"7 of 31\"><figure class=\"swiper-slide-inner\"><img decoding=\"async\" class=\"swiper-slide-image\" src=\"https:\/\/airboots.net\/wp-content\/uploads\/2026\/03\/15326727694832782939-300x225.jpg\" alt=\"15326727694832782939\" \/><\/figure><\/div><div class=\"swiper-slide\" role=\"group\" aria-roledescription=\"slide\" aria-label=\"8 of 31\"><figure class=\"swiper-slide-inner\"><img decoding=\"async\" class=\"swiper-slide-image\" src=\"https:\/\/airboots.net\/wp-content\/uploads\/2026\/03\/20103418575019244511-300x225.jpg\" alt=\"20103418575019244511\" \/><\/figure><\/div><div class=\"swiper-slide\" role=\"group\" aria-roledescription=\"slide\" aria-label=\"9 of 31\"><figure class=\"swiper-slide-inner\"><img decoding=\"async\" class=\"swiper-slide-image\" src=\"https:\/\/airboots.net\/wp-content\/uploads\/2026\/03\/20103418575019244512-300x225.jpg\" alt=\"20103418575019244512\" \/><\/figure><\/div><div class=\"swiper-slide\" role=\"group\" aria-roledescription=\"slide\" aria-label=\"10 of 31\"><figure class=\"swiper-slide-inner\"><img decoding=\"async\" class=\"swiper-slide-image\" src=\"https:\/\/airboots.net\/wp-content\/uploads\/2026\/03\/24727956945036957688-300x225.jpg\" alt=\"24727956945036957688\" \/><\/figure><\/div><div class=\"swiper-slide\" role=\"group\" aria-roledescription=\"slide\" aria-label=\"11 of 31\"><figure class=\"swiper-slide-inner\"><img decoding=\"async\" class=\"swiper-slide-image\" src=\"https:\/\/airboots.net\/wp-content\/uploads\/2026\/03\/36102881086030131516-300x225.jpg\" alt=\"36102881086030131516\" \/><\/figure><\/div><div class=\"swiper-slide\" role=\"group\" aria-roledescription=\"slide\" aria-label=\"12 of 31\"><figure class=\"swiper-slide-inner\"><img decoding=\"async\" class=\"swiper-slide-image\" src=\"https:\/\/airboots.net\/wp-content\/uploads\/2026\/03\/45013858830166730035-300x225.jpg\" alt=\"45013858830166730035\" \/><\/figure><\/div><div class=\"swiper-slide\" role=\"group\" aria-roledescription=\"slide\" aria-label=\"13 of 31\"><figure class=\"swiper-slide-inner\"><img decoding=\"async\" class=\"swiper-slide-image\" src=\"https:\/\/airboots.net\/wp-content\/uploads\/2026\/03\/61022793700973020113-300x225.jpg\" alt=\"61022793700973020113\" \/><\/figure><\/div><div class=\"swiper-slide\" role=\"group\" aria-roledescription=\"slide\" aria-label=\"14 of 31\"><figure class=\"swiper-slide-inner\"><img decoding=\"async\" class=\"swiper-slide-image\" src=\"https:\/\/airboots.net\/wp-content\/uploads\/2026\/03\/78687746812941808222-300x225.jpg\" alt=\"78687746812941808222\" \/><\/figure><\/div><div class=\"swiper-slide\" role=\"group\" aria-roledescription=\"slide\" aria-label=\"15 of 31\"><figure class=\"swiper-slide-inner\"><img decoding=\"async\" class=\"swiper-slide-image\" src=\"https:\/\/airboots.net\/wp-content\/uploads\/2026\/03\/78687746812941808224-300x225.jpg\" alt=\"78687746812941808224\" \/><\/figure><\/div><div class=\"swiper-slide\" role=\"group\" aria-roledescription=\"slide\" aria-label=\"16 of 31\"><figure class=\"swiper-slide-inner\"><img decoding=\"async\" class=\"swiper-slide-image\" src=\"https:\/\/airboots.net\/wp-content\/uploads\/2026\/03\/109640277158863691615-300x225.jpg\" alt=\"109640277158863691615\" \/><\/figure><\/div><div class=\"swiper-slide\" role=\"group\" aria-roledescription=\"slide\" aria-label=\"17 of 31\"><figure class=\"swiper-slide-inner\"><img decoding=\"async\" class=\"swiper-slide-image\" src=\"https:\/\/airboots.net\/wp-content\/uploads\/2026\/03\/161407506397973356820-300x225.jpg\" alt=\"161407506397973356820\" \/><\/figure><\/div><div class=\"swiper-slide\" role=\"group\" aria-roledescription=\"slide\" aria-label=\"18 of 31\"><figure class=\"swiper-slide-inner\"><img decoding=\"async\" class=\"swiper-slide-image\" src=\"https:\/\/airboots.net\/wp-content\/uploads\/2026\/03\/166379110574539750919-300x225.jpg\" alt=\"166379110574539750919\" \/><\/figure><\/div><div class=\"swiper-slide\" role=\"group\" aria-roledescription=\"slide\" aria-label=\"19 of 31\"><figure class=\"swiper-slide-inner\"><img decoding=\"async\" class=\"swiper-slide-image\" src=\"https:\/\/airboots.net\/wp-content\/uploads\/2026\/03\/239374297431027077011-300x225.jpg\" alt=\"239374297431027077011\" \/><\/figure><\/div><div class=\"swiper-slide\" role=\"group\" aria-roledescription=\"slide\" aria-label=\"20 of 31\"><figure class=\"swiper-slide-inner\"><img decoding=\"async\" class=\"swiper-slide-image\" src=\"https:\/\/airboots.net\/wp-content\/uploads\/2026\/03\/246191843642714278130-300x225.jpg\" alt=\"246191843642714278130\" \/><\/figure><\/div><div class=\"swiper-slide\" role=\"group\" aria-roledescription=\"slide\" aria-label=\"21 of 31\"><figure class=\"swiper-slide-inner\"><img decoding=\"async\" class=\"swiper-slide-image\" src=\"https:\/\/airboots.net\/wp-content\/uploads\/2026\/03\/264743740852715975628-300x225.jpg\" alt=\"264743740852715975628\" \/><\/figure><\/div><div class=\"swiper-slide\" role=\"group\" aria-roledescription=\"slide\" aria-label=\"22 of 31\"><figure class=\"swiper-slide-inner\"><img decoding=\"async\" class=\"swiper-slide-image\" src=\"https:\/\/airboots.net\/wp-content\/uploads\/2026\/03\/314821414244997682023-300x225.jpg\" alt=\"314821414244997682023\" \/><\/figure><\/div><div class=\"swiper-slide\" role=\"group\" aria-roledescription=\"slide\" aria-label=\"23 of 31\"><figure class=\"swiper-slide-inner\"><img decoding=\"async\" class=\"swiper-slide-image\" src=\"https:\/\/airboots.net\/wp-content\/uploads\/2026\/03\/347785112056982508614-300x225.jpg\" alt=\"347785112056982508614\" \/><\/figure><\/div><div class=\"swiper-slide\" role=\"group\" aria-roledescription=\"slide\" aria-label=\"24 of 31\"><figure class=\"swiper-slide-inner\"><img decoding=\"async\" class=\"swiper-slide-image\" src=\"https:\/\/airboots.net\/wp-content\/uploads\/2026\/03\/354923818817757652427-300x225.jpg\" alt=\"354923818817757652427\" \/><\/figure><\/div><div class=\"swiper-slide\" role=\"group\" aria-roledescription=\"slide\" aria-label=\"25 of 31\"><figure class=\"swiper-slide-inner\"><img decoding=\"async\" class=\"swiper-slide-image\" src=\"https:\/\/airboots.net\/wp-content\/uploads\/2026\/03\/364856676579315928831-300x225.jpg\" alt=\"364856676579315928831\" \/><\/figure><\/div><div class=\"swiper-slide\" role=\"group\" aria-roledescription=\"slide\" aria-label=\"26 of 31\"><figure class=\"swiper-slide-inner\"><img decoding=\"async\" class=\"swiper-slide-image\" src=\"https:\/\/airboots.net\/wp-content\/uploads\/2026\/03\/378837755097479550326-300x225.jpg\" alt=\"378837755097479550326\" \/><\/figure><\/div><div class=\"swiper-slide\" role=\"group\" aria-roledescription=\"slide\" aria-label=\"27 of 31\"><figure class=\"swiper-slide-inner\"><img decoding=\"async\" class=\"swiper-slide-image\" src=\"https:\/\/airboots.net\/wp-content\/uploads\/2026\/03\/411591048509140064017-300x225.jpg\" alt=\"411591048509140064017\" \/><\/figure><\/div><div class=\"swiper-slide\" role=\"group\" aria-roledescription=\"slide\" aria-label=\"28 of 31\"><figure class=\"swiper-slide-inner\"><img decoding=\"async\" class=\"swiper-slide-image\" src=\"https:\/\/airboots.net\/wp-content\/uploads\/2026\/03\/426299096977175586118-300x225.jpg\" alt=\"426299096977175586118\" \/><\/figure><\/div><div class=\"swiper-slide\" role=\"group\" aria-roledescription=\"slide\" aria-label=\"29 of 31\"><figure class=\"swiper-slide-inner\"><img decoding=\"async\" class=\"swiper-slide-image\" src=\"https:\/\/airboots.net\/wp-content\/uploads\/2026\/03\/437533355049733094121-300x225.jpg\" alt=\"437533355049733094121\" \/><\/figure><\/div><div class=\"swiper-slide\" role=\"group\" aria-roledescription=\"slide\" aria-label=\"30 of 31\"><figure class=\"swiper-slide-inner\"><img decoding=\"async\" class=\"swiper-slide-image\" src=\"https:\/\/airboots.net\/wp-content\/uploads\/2026\/03\/e4c450de020a8c54d51b29-300x225.jpg\" alt=\"e4c450de020a8c54d51b29\" \/><\/figure><\/div><div class=\"swiper-slide\" role=\"group\" aria-roledescription=\"slide\" aria-label=\"31 of 31\"><figure class=\"swiper-slide-inner\"><img decoding=\"async\" class=\"swiper-slide-image\" src=\"https:\/\/airboots.net\/wp-content\/uploads\/2026\/03\/ec4974872653a80df1426-300x225.jpg\" alt=\"ec4974872653a80df1426\" \/><\/figure><\/div>\t\t\t<\/div>\n\t\t\t\t\t\t\t\n\t\t\t\t\t\t\t\t\t<\/div>\n\t\t\t\t\t\t<\/div>\n\t\t\t\t\t<\/div>\n\t\t\t\t<\/div>\n\t\t<div class=\"elementor-element elementor-element-6f69144 e-con-full e-flex e-con e-parent\" data-id=\"6f69144\" data-element_type=\"container\" data-e-type=\"container\">\n\t\t\t\t<div class=\"elementor-element elementor-element-f6fa47f elementor-widget elementor-widget-video\" data-id=\"f6fa47f\" data-element_type=\"widget\" data-e-type=\"widget\" data-settings=\"{&quot;video_type&quot;:&quot;hosted&quot;,&quot;loop&quot;:&quot;yes&quot;,&quot;controls&quot;:&quot;yes&quot;}\" data-widget_type=\"video.default\">\n\t\t\t\t\t\t\t<div class=\"e-hosted-video elementor-wrapper elementor-open-inline\">\n\t\t\t\t\t<video class=\"elementor-video\" src=\"https:\/\/airboots.net\/wp-content\/uploads\/2026\/03\/pWF2AmF0GwAAAZyehZCUYWYAYXUOYXMaAZ5pKw.mp4\" loop=\"\" controls=\"\" preload=\"metadata\" controlsList=\"nodownload\"><\/video>\n\t\t\t\t<\/div>\n\t\t\t\t\t\t<\/div>\n\t\t\t\t<\/div>\n\t\t\t\t<\/div>\n\t\t","protected":false},"excerpt":{"rendered":"<p>ROBOT N\u00d4NG NGHI\u1ec6P Ti\u1ebft ki\u1ec7m nh\u00e2n c\u00f4ng \u2013 Hi\u1ec7u su\u1ea5t v\u01b0\u1ee3t tr\u1ed9i Xem chi ti\u1ebft \u26a1 \u0110\u1ed9ng c\u01a1 \u0111\u00f4i c\u00f4ng su\u1ea5t l\u1edbn \u00a0 2 \u0111\u1ed9ng c\u01a1 c\u00e1nh qu\u1ea1t ph\u1ea3n l\u1ef1c t\u1ea1o l\u1ef1c \u0111\u1ea9y m\u1ea1nh \ud83c\udf3e Ph\u00f9 h\u1ee3p n\u00f4ng nghi\u1ec7p \u00a0 ho\u1ea1t \u0111\u1ed9ng tr\u00ean ao t\u00f4m ru\u1ed9ng l\u00faa h\u1ed3 nu\u00f4i \ud83d\udef0 \u0110i\u1ec1u khi\u1ec3n t\u1ef1 \u0111\u1ed9ng \u00a0AirbootsShoesGO [&hellip;]<\/p>\n","protected":false},"author":1,"featured_media":0,"parent":0,"menu_order":0,"comment_status":"closed","ping_status":"closed","template":"elementor_canvas","meta":{"_eb_attr":"","footnotes":""},"class_list":["post-26","page","type-page","status-publish","hentry"],"_links":{"self":[{"href":"https:\/\/airboots.net\/index.php\/wp-json\/wp\/v2\/pages\/26","targetHints":{"allow":["GET"]}}],"collection":[{"href":"https:\/\/airboots.net\/index.php\/wp-json\/wp\/v2\/pages"}],"about":[{"href":"https:\/\/airboots.net\/index.php\/wp-json\/wp\/v2\/types\/page"}],"author":[{"embeddable":true,"href":"https:\/\/airboots.net\/index.php\/wp-json\/wp\/v2\/users\/1"}],"replies":[{"embeddable":true,"href":"https:\/\/airboots.net\/index.php\/wp-json\/wp\/v2\/comments?post=26"}],"version-history":[{"count":33,"href":"https:\/\/airboots.net\/index.php\/wp-json\/wp\/v2\/pages\/26\/revisions"}],"predecessor-version":[{"id":108,"href":"https:\/\/airboots.net\/index.php\/wp-json\/wp\/v2\/pages\/26\/revisions\/108"}],"wp:attachment":[{"href":"https:\/\/airboots.net\/index.php\/wp-json\/wp\/v2\/media?parent=26"}],"curies":[{"name":"wp","href":"https:\/\/api.w.org\/{rel}","templated":true}]}}